{"id":770,"date":"2011-11-26T21:44:02","date_gmt":"2011-11-26T21:44:02","guid":{"rendered":"http:\/\/oksygen.pl\/blog\/?page_id=770"},"modified":"2016-12-30T13:36:03","modified_gmt":"2016-12-30T13:36:03","slug":"ego_ksy","status":"publish","type":"page","link":"http:\/\/oksygen.pl\/blog\/ego_ksy\/","title":{"rendered":"ego .ksy?"},"content":{"rendered":"<p>Ku pami\u0119ci, ku pokrzepieniu ego, ku zabawie, \u017ce mo\u017cna. Lista nie uwzgl\u0119dnia news\u00f3w, w kt\u00f3rych si\u0119 wypowiada\u0142em \/ komentowa\u0142em. Nie znajdziecie tu tak\u017ce wpis\u00f3w z tego bloga. Z pewno\u015bci\u0105 wiele aktywno\u015bci zosta\u0142o zapomnianych lub w og\u00f3le przegapionych, ale w ko\u0144cu od tej listy nic nie zale\u017cy :)<\/p>\n<ul>\n<li>k = komentarz<\/li>\n<li>a \/ f = artyku\u0142 \/ felieton<\/li>\n<li>w = wywiad<\/li>\n<li>p = prezentacja<\/li>\n<\/ul>\n<div>\n<p style=\"text-align: center;\">&#8212;&#8212;&#8212;&#8212;&#8212;&#8212;&#8212;&#8212;&#8212;&#8212;&#8212;&#8212;&#8212;&#8212;&#8212;&#8212;&#8212;&#8212;&#8212;&#8212;&#8212;&#8212;&#8212;&#8212;&#8212;&#8212;&#8212;&#8212;&#8212;&#8212;&#8212;&#8212;&#8212;&#8212;&#8212;&#8212;&#8212;&#8212;&#8212;&#8211;<\/p>\n<p>&nbsp;<\/p>\n<p><strong>####### 2013<\/strong><\/p>\n<div>\n<ul>\n<li>Przesta\u0142o mi si\u0119 chcie\u0107 spisywa\u0107&#8230;<\/li>\n<\/ul>\n<p>&nbsp;<\/p>\n<ul>\n<li>04.03.2013 &#8211; k &#8211;\u00a0Bloomberga &#8211; &#8222;Akcesoria Apple&#8221;<\/li>\n<li>24.02.2013 &#8211; k &#8211; Fpi\u0119\u0107.pl &#8211;\u00a0&#8222;Rzeczpospolita inowacyjna, Trendbook&#8221;<\/li>\n<li>07.02.2014 &#8211; k &#8211; BRIEF &#8211;\u00a0\u201e50. najbardziej kreatywnych w biznesie\u201d<\/li>\n<li>06.01.2013 &#8211; k &#8211; Get More Social &#8211; &#8222;Qvo Vadis E-commerce&#8221;<\/li>\n<\/ul>\n<\/div>\n<p><strong>####### 2012<\/strong><\/p>\n<ul>\n<li>13.12.2012 &#8211; p &#8211; Inteligencja Finansowa &#8211;\u00a0&#8222;Komunikacja stranta czyli B2B w \u015bwiecei B2C&#8221; &#8211;<\/li>\n<li>14.11.2012 &#8211; p &#8211;\u00a0E-Biznes Festiwal 2012 &#8211;\u00a0&#8222;Komunikacja stranta czyli B2B w \u015bwiecei B2C&#8221;<\/li>\n<li>31.10.2012 &#8211; w &#8211; AK74.pl &#8211; &#8222;Sprzedawcy nie maj\u0105 dzia\u0142u analiz&#8221;<\/li>\n<li>29.10.2012 &#8211; k &#8211; Rzeczpospolita &#8211; &#8222;Zmierzch ery e-czytnik\u00f3w?&#8221;<\/li>\n<li>09.10.2012 &#8211; k &#8211; Gazeta Prawna &#8211; &#8222;Zakupy grupowe, czar pryska&#8221;<\/li>\n<li>27.09.2012 &#8211; video lans &#8211; Bitsy Boys &#8211; &#8222;Internety robi\u0119&#8221;<\/li>\n<li>26.09.2012 &#8211; w &#8211; StartupTV.pl &#8211; &#8222;Trzy strza\u0142y&#8221;<\/li>\n<li>24.09.2012 &#8211; w &#8211; Computer World &#8211; &#8222;EN FACE&#8221;<\/li>\n<li>20.09.2012 &#8211; p &#8211;\u00a0\u015awi\u0119tokrzyskie\u00a0Forum E-commerce &#8211; &#8222;???&#8221;<\/li>\n<li>15.09.2012 &#8211; p &#8211; Shopcamp 3.5 &#8211; &#8222;Erotyka na Allegro&#8221;<\/li>\n<li>12.09.2012 &#8211; k &#8211; Bankier.pl &#8211; &#8222;By\u0107 jak sklep internetowy. Do tego zmierza Allegro?&#8221;<\/li>\n<li>09.09.2012 &#8211; k &#8211; Gazeta Prawna &#8211; &#8222;Zakupy \u00a0grupowe &#8211; czar pryska&#8221;<\/li>\n<li>28.08.2012 &#8211; k &#8211; Computer World &#8211; &#8222;Windows Azure dla startup\u00f3w&#8221;<\/li>\n<li>22.08.2012 &#8211; w &#8211; Blog.Megafoni.pl &#8211; &#8222;Na starcie, biznes \u0142atwiej kojarzy\u0107&#8230;&#8221;<\/li>\n<li>18.07.2012 &#8211; f &#8211; MamStartup.pl &#8211; &#8222;Jeste\u015b zyskiem czy kosztem?&#8221;<\/li>\n<li>02.07.2012 &#8211; f- MamStartup.pl &#8211; &#8222;Bywa\u0107 te\u017c trzeba umie\u0107&#8221;<\/li>\n<li>11.06.2012 &#8211; f &#8211; MamStartup.pl &#8211; &#8222;Jesetm liderem, g\u0142upcze!&#8221;<\/li>\n<li>28.05.2012 &#8211; k &#8211; NaTemat &#8211; &#8222;Graty na Allegro&#8221;<\/li>\n<li>26.05.2012 &#8211; m &#8211; Wroc\u0142aw Startup Weekend &#8211; &#8222;M jak mentor&#8221;<\/li>\n<li>25.05.2012 &#8211; p &#8211; Handel Przysz\u0142o\u015bci &#8211; &#8222;Historia i\u00a0przysz\u0142o\u015b\u0107\u00a0aukcji w Polsce&#8221;<\/li>\n<li>25.05.2012 &#8211; k &#8211; Rzeczpospolita &#8211; &#8222;W Polsce mamy boom na tablety&#8221;<\/li>\n<li>22.05.2012 &#8211; f &#8211; MamStartup.pl &#8211; &#8222;W chmurach za 60 tysi\u0119cy dolar\u00f3w&#8221;<\/li>\n<li>22.05.2012 &#8211; w &#8211; Magazyn Proseed &#8211; &#8222;Sylwetki&#8221;<\/li>\n<li>18.05.2012 &#8211; p &#8211; E-Commerce Development &#8211; &#8222;B\u0142edy e-commerceu&#8221;<\/li>\n<li>17.05.2012 &#8211; p &#8211; Gospodarka oparta o dane &#8211; &#8222;Zaufanie przetwarzania danych&#8221;<\/li>\n<li>16.05.2012 &#8211; p &#8211; Konferencja\u00a0Budowlana\u00a0&#8211; &#8222;Co mo\u017cna zbudowa\u0107 na Allegro?&#8221;<\/li>\n<li>08.05.2012 &#8211; w &#8211; TVN CNBC &#8211; &#8222;Progra@m &#8211; Manubia&#8221;<\/li>\n<li>26.04.2012 &#8211; Organizator Auler\u00f3w 2012<\/li>\n<li>23.04.2012 &#8211; f &#8211; Mam Startup &#8211; &#8222;Knowledge first&#8221;<\/li>\n<li>23.04.2012 &#8211; k &#8211; Rzeczpospolita &#8211; &#8222;Kindle w Polsce: 50 sztuk dziennie&#8221;<\/li>\n<li>17.04.2012 &#8211; p &#8211;\u00a0Revenue Trends 2012 &#8211; &#8222;Jeden serwis, osiem API &#8211; Manubia&#8221;<\/li>\n<li>17.04.2012 &#8211; f &#8211; MamStartup.pl &#8211; &#8222;Bo ja dbam o projekt&#8221;<\/li>\n<li>12.04.2012 &#8211; k &#8211; eCommerce.edu.pl &#8211; &#8222;Allegro to nie presti\u017c, tylko wielki bazar?&#8221;<\/li>\n<li>12.04.2012 &#8211; k &#8211; NaTemat.pl &#8211; &#8222;120 milion\u00f3w w dwa lata&#8221;<\/li>\n<li>11.04.2012 &#8211; k &#8211; NaTemat.pl &#8211; &#8222;Handel lud\u017ami kwitnie&#8221;<\/li>\n<li>10.04.2012 &#8211; f &#8211; eCommerce.edu.pl &#8211; &#8222;Awantura o WebAPI Allegro&#8221;<\/li>\n<li>03.04.2012 &#8211; k &#8211; eKomercyjnie.pl &#8211; &#8222;Co dalej z monitorami sprzeda\u017cy?&#8221;<\/li>\n<li>29.03.2012 &#8211; a &#8211; eCommerce.edu.pl &#8211; &#8222;Czeka nas powr\u00f3t do przesz\u0142o\u015bci?&#8221;<\/li>\n<li>28.03.2012 &#8211; p &#8211; Inspiring Solution &#8211; &#8222;Fizyka bra\u017cy&#8221;<\/li>\n<li>23.03.2012 &#8211; f &#8211; MamStartup.pl &#8211; &#8222;Infograficzna (nie)moc&#8221;<\/li>\n<li>15.03.2012 &#8211; p &#8211; Aula Polska &#8211; &#8222;Jak nie straci\u0142em na PRze&#8221;<\/li>\n<li>02.03.2012 &#8211; f &#8211; Proseed E-commerce &#8211; &#8222;Zrobi\u0119 mamie na z\u0142o\u015b\u0107&#8221;<\/li>\n<li>20.02.2012 &#8211; k &#8211; Dziennik Gazeta Prawna &#8211; &#8222;Amazona jeszcze w Polsce nie ma&#8221;<\/li>\n<li>13.02.2012 &#8211; w &#8211; Proseed &#8211; &#8222;Lo\u017ca Honorowa&#8221;<\/li>\n<li>27.01.2012 &#8211; k &#8211; TVP Bia\u0142ystok &#8211; &#8222;Manubia&#8221; &amp; &#8222;ACTA&#8221;<\/li>\n<li>11.01.2012 &#8211; k &#8211; Przegl\u0105d Finansowy &#8211; &#8222;\u017byczenia noworoczne \u2013 nie b\u00f3jmy si\u0119 rozmawia\u0107&#8221;<\/li>\n<li>10.01.2012 &#8211; k &#8211; Rzeczpospolita &#8211; &#8222;Zarobi\u0107 na wirtualnych fanach&#8221;<\/li>\n<li>09.01.2012 &#8211; k &#8211; Interaktywnie.com &#8211; &#8222;Kto sprzedaje najwi\u0119cej fan\u00f3w na Allegro?&#8221;<\/li>\n<\/ul>\n<\/div>\n<p><strong>####### 2011<\/strong><\/p>\n<ul>\n<li>29.12.2011 &#8211; w &#8211; WebFan.pl &#8211; &#8222;Podsumowanie roku 2011&#8221;<\/li>\n<li>27.12.2011 &#8211; w &#8211; eKomercyjnie &#8211; &#8222;Podsumowanie roku 2011&#8221;<\/li>\n<li>20.12.2011 &#8211; f &#8211; MamStartup &#8211; &#8222;Nie jestem\u00a0innowacyjny&#8221;<\/li>\n<li>19.12.2011 &#8211; w &#8211; Moonopol &#8211; &#8222;Podsumowanie roku 2011&#8221;<\/li>\n<li>12.12.2011 &#8211; k &#8211; Magazyn \u0141azienka &#8211; &#8222;\u0141azienki prosto z Allegro&#8221;<\/li>\n<li>10.12.2011 &#8211; a &#8211; Magazyn Prossed &#8211; &#8222;Anno e-Commercium 2012&#8221;<\/li>\n<li>26.11.2011 &#8211; w &#8211; Planeta.fm &#8211; &#8222;Startupy i SWWAW2&#8221;<\/li>\n<li>25.11.2011 &#8211; f &#8211; MamStartup &#8211; &#8222;Nie jestem tani, bo mnie na to nie sta\u0107&#8221;<\/li>\n<li>22.11.2011 &#8211; k &#8211; TVN CNBC &#8211; &#8222;Warsaw Startup Weekend&#8221;<\/li>\n<li>15.11.2011 &#8211; p &#8211;\u00a0Global Entrepreneurship Week w Noa Cowork<\/li>\n<li>11.11.2011 &#8211; k &#8211; Dziennk Gazeta Prawna &#8211; &#8222;Co si\u0119 stanie z Nasz\u0105 Klas\u0105?&#8221;<\/li>\n<li>09.11.2011 &#8211; p &#8211; Olcamp Ecommerce &#8211; &#8222;Rozwi\u0144 PR w swoim sklepie&#8221;<\/li>\n<li>08.11.2011 &#8211; p &#8211; E-handel II &#8211; &#8222;Twarde przyk\u0142ady, \u017ce na Allegro jest sprzeda\u017c&#8221;<\/li>\n<li>07.11.2011 &#8211; k &#8211; PC Format &#8211; &#8222;Jak odnie\u015b\u0107 sukces w internecie&#8221;<\/li>\n<li>31.10.2011 &#8211; w &#8211; DI24.pl &#8211; &#8222;Manubia pomo\u017ce w obserwowaniu konkurencji&#8221;<\/li>\n<li>27.11.2011 &#8211; k &#8211;\u00a0Radio FaMa &#8211; Handel w sieci<\/li>\n<li>26.10.2011 &#8211; p &#8211; Kielce eCommerce &#8211; &#8222;Aukcje kontra w\u0142asny sklep&#8221;<\/li>\n<li>20.10.2011 &#8211; p &#8211; Marketing bran\u017cy \u0142azienkowej &#8211; &#8222;Czy Polacy kupuj\u0105 na Allegro?&#8221;<\/li>\n<li>20.10.2011 &#8211; k &#8211; Wyborcza.biz &#8211; &#8222;Co si\u0119 dzieje w polskim internecie&#8221;<\/li>\n<li>18.10.2011 &#8211; f &#8211; MamStartup.pl &#8211; &#8222;Startup (October) Fest&#8221;<\/li>\n<li>14.10.2011 &#8211; w &#8211; Technologie.Gazeta.pl &#8211; &#8222;Poznaj ciekawe polskie projekty&#8221;<\/li>\n<li>14.10.2011 &#8211; p &#8211; MeetDomainers &#8211; Panel dyskusyjny o startupach w Polsce<\/li>\n<li>13.10.2011 &#8211; p &#8211; Startup Fest &#8211; Prezentacja projektu Manubia<\/li>\n<li>04.10.2011 &#8211; w &#8211; MamStartup.pl &#8211; &#8222;Jaki model biznesowy wybra\u0107?&#8221;<\/li>\n<li>23.09.2011 &#8211; p &#8211; Akademia Empathy &#8211; &#8222;Media relations to nie newsletter dla dziennikarzy!&#8221;<\/li>\n<li>08.09.2011 &#8211; k &#8211; eCommerce.edu.pl &#8211; &#8222;Awaria Allegro&#8221;<\/li>\n<li>08.09.2011 &#8211; k &#8211; Benchmark.pl &#8211; &#8222;Allegro nie dzia\u0142a, co z aukcjami?&#8221;<\/li>\n<li>30.08.2011 &#8211; w &#8211; TVP2 &#8211; &#8222;M\u0142odzi milionerzy&#8221;<\/li>\n<li>26.08.2011 &#8211; k &#8211;\u00a0Dziennik Gazeta Prawna &#8211; &#8222;Startupowcy za m\u0142odu&#8221;<\/li>\n<li>19.08.2011 &#8211; a &#8211; Dziennik Gazeta Prawna &#8211; &#8222;Polscy Zuckerbergowie&#8221;<\/li>\n<li>08.08.2011 &#8211; w &#8211; eCommerce.edu.pl &#8211; &#8222;Premiera nowych funkcji Manubia&#8221;<\/li>\n<li>05.08.2011 &#8211; w &#8211; MamStartup.pl &#8211; &#8222;10 pyta\u0144 do&#8230;&#8221;<\/li>\n<li>22.07.2011 &#8211; k &#8211; Dziennik Gazeta Prawna &#8211; &#8222;Milionerzy z Allegro&#8221;<\/li>\n<li>30.05.2011 &#8211; w &#8211; MamStartup.pl &#8211; &#8222;Manubia &#8211; zrealizowa\u0107 potrzeby e-sprzedawc\u00f3w&#8221;<\/li>\n<li>14.05.2011 &#8211; w &#8211; Dziennik Internaut\u00f3w &#8211; &#8222;Podsumowanie Warsaw Startup Weekend&#8221;<\/li>\n<li>12.05.2011 &#8211; w &#8211; TV Biznes &#8211; &#8222;Rynek e-commerce i Targi eHandlu&#8221;<\/li>\n<li>20.04.2011 &#8211; w &#8211; Magazyn Proseed &#8211; &#8222;Manubia&#8221;<\/li>\n<li>30.03.2011 &#8211; k &#8211; Dziennik Internaut\u00f3w &#8211; &#8222;Adidas przegrywa z internautami&#8221;<\/li>\n<li>28.03.2011 &#8211; w &#8211; Dziennik Internaut\u00f3w &#8211; &#8222;Aukcyjna konkurencja pod lup\u0105&#8221;<\/li>\n<li>26.03.2011 &#8211; p &#8211; Shopcamp 2.3 &#8211; Moderator dyskusji o integracji rynku e-commerce<\/li>\n<li>26.03.2011 &#8211; p &#8211; Shopcamp 2.3 &#8211; &#8222;ksylista.pl &#8211; na bie\u017c\u0105co&#8221;<\/li>\n<li>21.03.2011 &#8211; k &#8211; Dziennik Gazeta Prawna -Integracja rynku e-commerce w Polsce<\/li>\n<li>14.03.2011 &#8211; a &#8211; eKomercyjnie.pl &#8211; Podsumowanie akcji &#8222;Bezpieczny eSklep&#8221;<\/li>\n<li>14.03.2011 &#8211; k &#8211; Dziennik Gazeta Prawna &#8211; &#8222;TV-commerce&#8221;<\/li>\n<li>23.02.2011 &#8211; k &#8211; Dziennik Gazeta Prawna &#8211; &#8222;Zakupy grupowe&#8221;<\/li>\n<li>22.02.2011 &#8211; a &#8211; eCommerce.edu.pl &#8211; TVcommerce &amp; Zubibu@TV<\/li>\n<li>22.02.2011 &#8211; a &#8211; eKomercyjnie.pl &#8211; TCcommerce &amp; Zubibu@TV<\/li>\n<li>16.02.2011 &#8211; p &#8211; Olcamp &#8211; &#8222;Manubia.pl &#8211; Nasze trzy grzechy&#8221;<\/li>\n<li>10.02.2011 &#8211; w &#8211; Bankier.tv &#8211; Manubia.pl<\/li>\n<li>02.02.2011 &#8211; k &#8211; Dziennik Gazeta Prawna &#8211; &#8222;Polskie sklepy internetowe rosn\u0105 najszybciej&#8221;<\/li>\n<li>02.02.2011 &#8211; w\u00a0&#8211; Social-Commerce.pl &#8211; &#8222;Go\u015b\u0107 Social-Commerce.pl: Konrad Latkowski&#8221;<\/li>\n<li>27.01.2011 &#8211; p\u00a0&#8211; Aula Polska &#8211; Manubia.pl &#8211; Analiza konkurencji drog\u0105 do sukcesu<\/li>\n<li>24.01.2011 &#8211; k &#8211; Dziennik Gazeta Prawna &#8211; &#8222;Grupowe zakupy, czyli polowanie na zni\u017cki&#8221;<\/li>\n<li>18.01.2011 &#8211; w &#8211; TechnoZgredy &#8211; Odicnek 27: TOP 10 wydarze\u0144 2010<\/li>\n<li>12.01.2011 &#8211; k &#8211; Dziennik Gazeta Prawna &#8211; &#8222;E-handel wabi nowych klient\u00f3w&#8221;<\/li>\n<\/ul>\n<p><strong>###### 2010<\/strong><\/p>\n<ul>\n<li>19.12.2010 &#8211; w &#8211; Bankier.tv &#8211; Podumowanie roku 2010 w Polsce<\/li>\n<li>13.12.2010 &#8211; w &#8211; AK74.pl &#8211; Manubia.pl \u2013 spos\u00f3b na Allegro?<\/li>\n<li>08.12.2010 &#8211; k &#8211; TVN24 &#8211; &#8222;Fakty, ludzie, pieni\u0105dze&#8221;<\/li>\n<li>01.12.2010 &#8211; w &#8211; TVN CNBC &#8211; Podsumowanie DDD<\/li>\n<li>27.11.2010 &#8211; p &#8211; Shopcamp &#8211; Dzie\u0144 Darmowej Dostawy \/ Premiera systemu Manubia<\/li>\n<li>23.11.2010 &#8211; k &#8211; Polskie Radio 1 &#8211; Gospodarka, Dzie\u0144 Darmowej Dostawy<\/li>\n<li>19.11.2010 &#8211; k &#8211; Radio Zet &#8211; Technologika, Dzie\u0144 Darmowej Dostawy<\/li>\n<li>13.11.2010 &#8211; p &#8211; Gala Cybersportu &#8211; Oficjalna premiera marki QPAD w Polsce<\/li>\n<li>07.10.2010 &#8211; p &#8211; Aula Polska &#8211; Zapowied\u017a Dempcamp East \/ West 2010<\/li>\n<li>06.09.2010 &#8211; p &#8211;\u00a0BridgeCampu &#8211; &#8222;Trzeci sektor te\u017c ma g\u0142os&#8221;<\/li>\n<li>28.05.2010 &#8211; w &#8211; TechnoZgredy &#8211; Odcinek 23: Era dotykowego ekranu<\/li>\n<li>13.03.2010 &#8211; p &#8211; Shopcamp &#8211; &#8222;Po co mi kto\u015b od PRu?&#8221;<\/li>\n<li>30.01.2010 &#8211; p &#8211; Shopcamp &#8211; &#8222;Wyjd\u017a poza notki prasowe&#8221;<\/li>\n<\/ul>\n<p><strong>##### 2009<\/strong><\/p>\n<ul>\n<li>24.10.2009 &#8211; w &#8211; TechnoZgredy &#8211; Odcinek specjalny: VEDIA od kuchni (backstage)<\/li>\n<li>23.09.2009 &#8211; w &#8211; Polsat Cafe, Looksus\u00a0&#8211; VEDIA Idunn A10 Jantar<\/li>\n<li>18.09.2009 &#8211; w &#8211;\u00a0TechnoZgredy &#8211;\u00a0Odcinek 10: Keynote Apple, Zune HD nadchodzi<\/li>\n<li>??.09.2009 -k \u00a0&#8211; TVN24, &#8230; &#8211; Rynek urz\u0105dze\u0144 mobilnych w Polsce<\/li>\n<li>13.08.2009 &#8211; w &#8211;\u00a0TechnoZgredy &#8211;\u00a0Odcinek 6: Multimedia pod Androidem oraz chi\u0144skie HD<\/li>\n<li>29.07.2009 &#8211; w &#8211; TechnoZgredy &#8211; Odcinek 4: Odtwarzacze audio<\/li>\n<li>25.04.2009 &#8211; TVN Turbo, Gad\u017cet &#8211; Vedia Idunn A10 Jantar<\/li>\n<li>11.07.2009 &#8211; w &#8211; TechnoZgredy @ Lookr &#8211; Muzyka przeno\u015bna<\/li>\n<li>06.01.2009 &#8211; k &#8211; TVN24 &#8211; Polska marka na CES&#8217;09<\/li>\n<\/ul>\n<p><strong>##### 2008<\/strong><\/p>\n<ul>\n<li>21.08.2008 &#8211; w &#8211; TOYAnet &#8211; Polska marka VEDIA<\/li>\n<li>11.08.2008 &#8211; a &#8211; Mobility &#8211; &#8222;Przeno\u015bna muzyka&#8221;<\/li>\n<li>??.07.2008 &#8211; w &#8211; LajfCzat &#8211; Wizyta w MP3store<\/li>\n<li>19.02.2008 &#8211; w &#8211; PCarena.pl &#8211; &#8222;Rok 2008 zapocz\u0105tkuje zmiany&#8221;<\/li>\n<\/ul>\n<p><strong>##### 2007<\/strong><\/p>\n<ul>\n<li>29.11.2007 &#8211; w &#8211; TOYAnet &#8211; VEDIA &#8211; Premiery i zapowiedzi produkt\u00f3w<\/li>\n<li>03.07.2007 &#8211; k &#8211; IT Reseller &#8211; &#8222;Akcesoria do MP3&#8221;<\/li>\n<li>?? .??.2007 &#8211; k &#8211; TVN24, Progr@m &#8211; Hi-endowe odtwarzacze muzyki<\/li>\n<\/ul>\n<p><strong>##### 2005<\/strong><\/p>\n<ul>\n<li>03.04.2005 &#8211; a &#8211; Prestige Magazine &#8211; &#8222;Internetowy pasa\u017c muzyczny&#8221;<\/li>\n<li>10.03.2005 &#8211; a &#8211; Prestige Magazine &#8211; Test iriver PMP-140 oraz iPhono BT420+BT430<\/li>\n<li>04.03.2005 &#8211; a &#8211; .PSD &#8211; &#8222;Na pocz\u0105tku by\u0142 Pixel &#8211; pixelart w praktyce&#8221;<\/li>\n<li>04.01.2005 &#8211; a &#8211; EGX &#8211; News: iFotka<\/li>\n<\/ul>\n<p><strong>##### 2004<\/strong><\/p>\n<ul>\n<li>11\/12.2004 &#8211; a &#8211; EGX &#8211; &#8222;Kupujemy MP3 w sieci&#8221;<\/li>\n<\/ul>\n<p><strong>####### Wyr\u00f3\u017cnienia, Nagrody, U\u015bmiechy<\/strong><\/p>\n<ul>\n<li>Luty 2013 &#8211; 10 miejsce na\u00a0li\u015bcie\u00a0Fpi\u0119\u0107 &#8211; &#8222;Rzeczpospolita\u00a0innowacyjna&#8221;<\/li>\n<li>Luty 2013 &#8211; Manubia na 3 miejscu &#8222;Best E-commece Startup in Poland&#8221;<\/li>\n<li>Luty 2013 &#8211; 47 miejsce na li\u015bcie\u00a0\u201e50. najbardziej kreatywnych w biznesie\u201d wg. BRIEFa<\/li>\n<li>Sierpie\u0144 2012 &#8211; Nominacja &#8222;Mikro przedsi\u0119biorca\u00a0roku&#8221;<\/li>\n<li>Maj 2012 &#8211; Najlepszy Startup &#8222;Forum M\u0142odych\u00a0Innowacyjnych\u00a02012&#8221;<\/li>\n<li>Pa\u017adziernik\u00a02012 &#8211; Podium w finale &#8222;Startup Fest 2012&#8221;<\/li>\n<li>Grudzie\u0144 2011 &#8211;\u00a0Najlepszy wizerunkowo startup w 2011 roku wg. Office Warriors<\/li>\n<li>Grudzie\u0144 2011 &#8211;\u00a0Najlepszy slajd prezentacji w 2011 roku wg. Office Warriors<\/li>\n<li>Kwiecie\u0144 2011 &#8211; Nominacja do nagrody &#8222;Auler\u00f3w 2011&#8221;<\/li>\n<li>Stycze\u0144 2011 &#8211; Czwarte\u00a0miejsce\u00a0w &#8222;Najlepszy startup 2010 wg. Bankier.pl<\/li>\n<li>Grudzie\u0144 2010 &#8211;\u00a0Wyr\u00f3\u017cnienie w &#8222;Najlepsi i najciekawsi w roku 2010&#8221; wg. Antyweb.pl<\/li>\n<li>Rok 2009 &#8211; VEDIA A10, wyr\u00f3\u017cniony wielokrotnie odtwarzacz, kt\u00f3ry wsp\u00f3\u0142tworzy\u0142\u0119m od zera<\/li>\n<li>Marzec 2004 &#8211; Trzy\u00a0statuetki\u00a0&#8222;I.net Awards&#8221; dla DVA.pl<\/li>\n<li>Marzec 2002 &#8211; Wyr\u00f3\u017cnienie &#8222;I.net Awards&#8221; dla eminem.prv.pl<\/li>\n<\/ul>\n<div id=\"fb-root\"><\/div><script src=\"http:\/\/connect.facebook.net\/en_US\/all.js#xfbml=1\"><\/script><fb:like href=\"http:\/\/oksygen.pl\/blog\/ego_ksy\/\" send=\"false\" layout=\"button_count\" width=\"450\" show_faces=\"true\" font=\"arial\" action=\"like\" colorscheme=\"light\"><\/fb:like>","protected":false},"excerpt":{"rendered":"<p>Ku pami\u0119ci, ku pokrzepieniu ego, ku zabawie, \u017ce mo\u017cna. Lista nie uwzgl\u0119dnia news\u00f3w, w kt\u00f3rych si\u0119 wypowiada\u0142em \/ komentowa\u0142em. Nie znajdziecie tu tak\u017ce wpis\u00f3w z tego bloga. Z pewno\u015bci\u0105 wiele aktywno\u015bci zosta\u0142o zapomnianych lub w og\u00f3le przegapionych, ale w ko\u0144cu od tej listy nic nie zale\u017cy :) k = komentarz a \/ f = artyku\u0142 [&hellip;]<\/p>\n","protected":false},"author":1,"featured_media":0,"parent":0,"menu_order":10,"comment_status":"open","ping_status":"open","template":"","meta":[],"_links":{"self":[{"href":"http:\/\/oksygen.pl\/blog\/wp-json\/wp\/v2\/pages\/770"}],"collection":[{"href":"http:\/\/oksygen.pl\/blog\/wp-json\/wp\/v2\/pages"}],"about":[{"href":"http:\/\/oksygen.pl\/blog\/wp-json\/wp\/v2\/types\/page"}],"author":[{"embeddable":true,"href":"http:\/\/oksygen.pl\/blog\/wp-json\/wp\/v2\/users\/1"}],"replies":[{"embeddable":true,"href":"http:\/\/oksygen.pl\/blog\/wp-json\/wp\/v2\/comments?post=770"}],"version-history":[{"count":50,"href":"http:\/\/oksygen.pl\/blog\/wp-json\/wp\/v2\/pages\/770\/revisions"}],"predecessor-version":[{"id":1299,"href":"http:\/\/oksygen.pl\/blog\/wp-json\/wp\/v2\/pages\/770\/revisions\/1299"}],"wp:attachment":[{"href":"http:\/\/oksygen.pl\/blog\/wp-json\/wp\/v2\/media?parent=770"}],"curies":[{"name":"wp","href":"https:\/\/api.w.org\/{rel}","templated":true}]}}